{"id":42,"date":"2022-04-20T11:12:46","date_gmt":"2022-04-20T09:12:46","guid":{"rendered":"http:\/\/neu.logis125.at.julius.koerbler.com\/?page_id=42"},"modified":"2025-10-09T08:03:41","modified_gmt":"2025-10-09T06:03:41","slug":"zimmer-preise","status":"publish","type":"page","link":"https:\/\/www.logis125.at\/en\/zimmer-preise\/","title":{"rendered":"Rooms \/ Prices"},"content":{"rendered":"<div data-elementor-type=\"wp-page\" data-elementor-id=\"42\" class=\"elementor elementor-42\">\n\t\t\t\t\t\t\t\t\t<section class=\"elementor-section elementor-top-section elementor-element elementor-element-4ad6465 elementor-section-boxed elementor-section-height-default elementor-section-height-default\" data-id=\"4ad6465\" data-element_type=\"section\">\n\t\t\t\t\t\t<div class=\"elementor-container elementor-column-gap-default\">\n\t\t\t\t\t<div class=\"elementor-column elementor-col-100 elementor-top-column elementor-element elementor-element-0a6031f\" data-id=\"0a6031f\" data-element_type=\"column\">\n\t\t\t<div class=\"elementor-widget-wrap elementor-element-populated\">\n\t\t\t\t\t\t\t\t<div class=\"elementor-element elementor-element-5bacb8f elementor-widget elementor-widget-spacer\" data-id=\"5bacb8f\" data-element_type=\"widget\" data-widget_type=\"spacer.default\">\n\t\t\t\t<div class=\"elementor-widget-container\">\n\t\t\t<style>\/*! elementor - v3.15.0 - 09-08-2023 *\/\n.elementor-column .elementor-spacer-inner{height:var(--spacer-size)}.e-con{--container-widget-width:100%}.e-con-inner>.elementor-widget-spacer,.e-con>.elementor-widget-spacer{width:var(--container-widget-width,var(--spacer-size));--align-self:var(--container-widget-align-self,initial);--flex-shrink:0}.e-con-inner>.elementor-widget-spacer>.elementor-widget-container,.e-con-inner>.elementor-widget-spacer>.elementor-widget-container>.elementor-spacer,.e-con>.elementor-widget-spacer>.elementor-widget-container,.e-con>.elementor-widget-spacer>.elementor-widget-container>.elementor-spacer{height:100%}.e-con-inner>.elementor-widget-spacer>.elementor-widget-container>.elementor-spacer>.elementor-spacer-inner,.e-con>.elementor-widget-spacer>.elementor-widget-container>.elementor-spacer>.elementor-spacer-inner{height:var(--container-widget-height,var(--spacer-size))}<\/style>\t\t<div class=\"elementor-spacer\">\n\t\t\t<div class=\"elementor-spacer-inner\"><\/div>\n\t\t<\/div>\n\t\t\t\t<\/div>\n\t\t\t\t<\/div>\n\t\t\t\t\t<\/div>\n\t\t<\/div>\n\t\t\t\t\t\t\t<\/div>\n\t\t<\/section>\n\t\t\t\t<section class=\"elementor-section elementor-top-section elementor-element elementor-element-6e6b081 elementor-section-boxed elementor-section-height-default elementor-section-height-default elementor-invisible\" data-id=\"6e6b081\" data-element_type=\"section\" data-settings=\"{&quot;animation&quot;:&quot;fadeIn&quot;}\">\n\t\t\t\t\t\t<div class=\"elementor-container elementor-column-gap-default\">\n\t\t\t\t\t<div class=\"elementor-column elementor-col-50 elementor-top-column elementor-element elementor-element-789abac\" data-id=\"789abac\" data-element_type=\"column\">\n\t\t\t<div class=\"elementor-widget-wrap elementor-element-populated\">\n\t\t\t\t\t\t\t\t<div class=\"elementor-element elementor-element-2a664b6 elementor-hidden-mobile elementor-widget elementor-widget-image\" data-id=\"2a664b6\" data-element_type=\"widget\" data-widget_type=\"image.default\">\n\t\t\t\t<div class=\"elementor-widget-container\">\n\t\t\t<style>\/*! elementor - v3.15.0 - 09-08-2023 *\/\n.elementor-widget-image{text-align:center}.elementor-widget-image a{display:inline-block}.elementor-widget-image a img[src$=\".svg\"]{width:48px}.elementor-widget-image img{vertical-align:middle;display:inline-block}<\/style>\t\t\t\t\t\t\t\t\t\t\t\t<img decoding=\"async\" width=\"800\" height=\"535\" src=\"https:\/\/www.logis125.at\/wp-content\/uploads\/2022\/04\/Gruppe-maskieren-16.png\" class=\"attachment-large size-large wp-image-608\" alt=\"\" srcset=\"https:\/\/www.logis125.at\/wp-content\/uploads\/2022\/04\/Gruppe-maskieren-16.png 1000w, https:\/\/www.logis125.at\/wp-content\/uploads\/2022\/04\/Gruppe-maskieren-16-300x201.png 300w, https:\/\/www.logis125.at\/wp-content\/uploads\/2022\/04\/Gruppe-maskieren-16-768x514.png 768w, https:\/\/www.logis125.at\/wp-content\/uploads\/2022\/04\/Gruppe-maskieren-16-18x12.png 18w\" sizes=\"(max-width: 800px) 100vw, 800px\" \/>\t\t\t\t\t\t\t\t\t\t\t\t\t\t\t<\/div>\n\t\t\t\t<\/div>\n\t\t\t\t<div class=\"elementor-element elementor-element-63c6559 elementor-hidden-desktop elementor-hidden-tablet elementor-arrows-position-inside elementor-widget elementor-widget-image-carousel\" data-id=\"63c6559\" data-element_type=\"widget\" data-settings=\"{&quot;slides_to_show_mobile&quot;:&quot;1&quot;,&quot;navigation&quot;:&quot;arrows&quot;,&quot;autoplay&quot;:&quot;yes&quot;,&quot;pause_on_hover&quot;:&quot;yes&quot;,&quot;pause_on_interaction&quot;:&quot;yes&quot;,&quot;autoplay_speed&quot;:5000,&quot;infinite&quot;:&quot;yes&quot;,&quot;speed&quot;:500}\" data-widget_type=\"image-carousel.default\">\n\t\t\t\t<div class=\"elementor-widget-container\">\n\t\t\t<style>\/*! elementor - v3.15.0 - 09-08-2023 *\/\n.elementor-widget-image-carousel .swiper,.elementor-widget-image-carousel .swiper-container{position:static}.elementor-widget-image-carousel .swiper-container .swiper-slide figure,.elementor-widget-image-carousel .swiper .swiper-slide figure{line-height:inherit}.elementor-widget-image-carousel .swiper-slide{text-align:center}.elementor-image-carousel-wrapper:not(.swiper-container-initialized):not(.swiper-initialized) .swiper-slide{max-width:calc(100% \/ var(--e-image-carousel-slides-to-show, 3))}<\/style>\t\t<div class=\"elementor-image-carousel-wrapper swiper-container\" dir=\"ltr\">\n\t\t\t<div class=\"elementor-image-carousel swiper-wrapper\" aria-live=\"off\">\n\t\t\t\t\t\t\t\t<div class=\"swiper-slide\" role=\"group\" aria-roledescription=\"slide\" aria-label=\"1 of 2\"><figure class=\"swiper-slide-inner\"><img decoding=\"async\" class=\"swiper-slide-image\" src=\"https:\/\/www.logis125.at\/wp-content\/uploads\/2022\/04\/Gruppe-maskieren-10.png\" alt=\"Gruppe maskieren 10\" \/><\/figure><\/div><div class=\"swiper-slide\" role=\"group\" aria-roledescription=\"slide\" aria-label=\"2 of 2\"><figure class=\"swiper-slide-inner\"><img decoding=\"async\" class=\"swiper-slide-image\" src=\"https:\/\/www.logis125.at\/wp-content\/uploads\/2022\/04\/Gruppe-maskieren-17-1-e1651048624481.png\" alt=\"Gruppe maskieren 17\" \/><\/figure><\/div>\t\t\t<\/div>\n\t\t\t\t\t\t\t\t\t\t\t\t<div class=\"elementor-swiper-button elementor-swiper-button-prev\" role=\"button\" tabindex=\"0\">\n\t\t\t\t\t\t<i aria-hidden=\"true\" class=\"eicon-chevron-left\"><\/i>\t\t\t\t\t<\/div>\n\t\t\t\t\t<div class=\"elementor-swiper-button elementor-swiper-button-next\" role=\"button\" tabindex=\"0\">\n\t\t\t\t\t\t<i aria-hidden=\"true\" class=\"eicon-chevron-right\"><\/i>\t\t\t\t\t<\/div>\n\t\t\t\t\n\t\t\t\t\t\t\t\t\t<\/div>\n\t\t\t\t<\/div>\n\t\t\t\t<\/div>\n\t\t\t\t<div class=\"elementor-element elementor-element-e46b0ff page-bc elementor-widget elementor-widget-text-editor\" data-id=\"e46b0ff\" data-element_type=\"widget\" data-widget_type=\"text-editor.default\">\n\t\t\t\t<div class=\"elementor-widget-container\">\n\t\t\t<style>\/*! elementor - v3.15.0 - 09-08-2023 *\/\n.elementor-widget-text-editor.elementor-drop-cap-view-stacked .elementor-drop-cap{background-color:#69727d;color:#fff}.elementor-widget-text-editor.elementor-drop-cap-view-framed .elementor-drop-cap{color:#69727d;border:3px solid;background-color:transparent}.elementor-widget-text-editor:not(.elementor-drop-cap-view-default) .elementor-drop-cap{margin-top:8px}.elementor-widget-text-editor:not(.elementor-drop-cap-view-default) .elementor-drop-cap-letter{width:1em;height:1em}.elementor-widget-text-editor .elementor-drop-cap{float:left;text-align:center;line-height:1;font-size:50px}.elementor-widget-text-editor .elementor-drop-cap-letter{display:inline-block}<\/style>\t\t\t\t<p>Rooms \/ Prices<\/p>\t\t\t\t\t\t<\/div>\n\t\t\t\t<\/div>\n\t\t\t\t<div class=\"elementor-element elementor-element-86357a0 page-headline elementor-widget elementor-widget-text-editor\" data-id=\"86357a0\" data-element_type=\"widget\" data-widget_type=\"text-editor.default\">\n\t\t\t\t<div class=\"elementor-widget-container\">\n\t\t\t\t\t\t\t<h1>Arriving<\/h1><h1>AND<\/h1><h1>Wanting to Stay<\/h1>\t\t\t\t\t\t<\/div>\n\t\t\t\t<\/div>\n\t\t\t\t<div class=\"elementor-element elementor-element-b092dac page-intro elementor-widget elementor-widget-text-editor\" data-id=\"b092dac\" data-element_type=\"widget\" data-widget_type=\"text-editor.default\">\n\t\t\t\t<div class=\"elementor-widget-container\">\n\t\t\t\t\t\t\t<p data-start=\"59\" data-end=\"225\">We offer three spacious double rooms (30 m\u00b2) and one suite (50 m\u00b2).<br data-start=\"137\" data-end=\"140\" \/>All rooms are maisonettes with a space-saving, slightly steeper staircase inside.<\/p><p data-start=\"227\" data-end=\"439\">ncluded services are a welcome drink, overnight stay in a room with a private bathroom (shower and WC), Wi-Fi, breakfast, sauna, private parking, storage for bicycles and single-tracked vehicles.<\/p><p>All rooms are non-smoking.<\/p>\t\t\t\t\t\t<\/div>\n\t\t\t\t<\/div>\n\t\t\t\t\t<\/div>\n\t\t<\/div>\n\t\t\t\t<div class=\"elementor-column elementor-col-50 elementor-top-column elementor-element elementor-element-79dc2cd page-snd-col elementor-hidden-mobile\" data-id=\"79dc2cd\" data-element_type=\"column\">\n\t\t\t<div class=\"elementor-widget-wrap elementor-element-populated\">\n\t\t\t\t\t\t\t\t<div class=\"elementor-element elementor-element-f191121 elementor-widget elementor-widget-image\" data-id=\"f191121\" data-element_type=\"widget\" data-widget_type=\"image.default\">\n\t\t\t\t<div class=\"elementor-widget-container\">\n\t\t\t\t\t\t\t\t\t\t\t\t\t\t\t<img decoding=\"async\" width=\"480\" height=\"810\" src=\"https:\/\/www.logis125.at\/wp-content\/uploads\/2022\/04\/Gruppe-maskieren-17.png\" class=\"attachment-large size-large wp-image-609\" alt=\"\" srcset=\"https:\/\/www.logis125.at\/wp-content\/uploads\/2022\/04\/Gruppe-maskieren-17.png 480w, https:\/\/www.logis125.at\/wp-content\/uploads\/2022\/04\/Gruppe-maskieren-17-178x300.png 178w, https:\/\/www.logis125.at\/wp-content\/uploads\/2022\/04\/Gruppe-maskieren-17-7x12.png 7w\" sizes=\"(max-width: 480px) 100vw, 480px\" \/>\t\t\t\t\t\t\t\t\t\t\t\t\t\t\t<\/div>\n\t\t\t\t<\/div>\n\t\t\t\t\t<\/div>\n\t\t<\/div>\n\t\t\t\t\t\t\t<\/div>\n\t\t<\/section>\n\t\t\t\t<section class=\"elementor-section elementor-top-section elementor-element elementor-element-3254bc5 elementor-section-boxed elementor-section-height-default elementor-section-height-default elementor-invisible\" data-id=\"3254bc5\" data-element_type=\"section\" data-settings=\"{&quot;animation&quot;:&quot;slideInUp&quot;}\">\n\t\t\t\t\t\t<div class=\"elementor-container elementor-column-gap-default\">\n\t\t\t\t\t<div class=\"elementor-column elementor-col-25 elementor-top-column elementor-element elementor-element-8e6d974\" data-id=\"8e6d974\" data-element_type=\"column\">\n\t\t\t<div class=\"elementor-widget-wrap\">\n\t\t\t\t\t\t\t\t\t<\/div>\n\t\t<\/div>\n\t\t\t\t<div class=\"elementor-column elementor-col-25 elementor-top-column elementor-element elementor-element-ea588aa elementor-hidden-mobile\" data-id=\"ea588aa\" data-element_type=\"column\">\n\t\t\t<div class=\"elementor-widget-wrap elementor-element-populated\">\n\t\t\t\t\t\t\t\t<div class=\"elementor-element elementor-element-5c21710 elementor-widget elementor-widget-image\" data-id=\"5c21710\" data-element_type=\"widget\" data-widget_type=\"image.default\">\n\t\t\t\t<div class=\"elementor-widget-container\">\n\t\t\t\t\t\t\t\t\t\t\t\t\t\t\t<img decoding=\"async\" width=\"480\" height=\"707\" src=\"https:\/\/www.logis125.at\/wp-content\/uploads\/2022\/04\/ZimmerPreise-1.png\" class=\"attachment-large size-large wp-image-616\" alt=\"\" srcset=\"https:\/\/www.logis125.at\/wp-content\/uploads\/2022\/04\/ZimmerPreise-1.png 480w, https:\/\/www.logis125.at\/wp-content\/uploads\/2022\/04\/ZimmerPreise-1-204x300.png 204w, https:\/\/www.logis125.at\/wp-content\/uploads\/2022\/04\/ZimmerPreise-1-8x12.png 8w\" sizes=\"(max-width: 480px) 100vw, 480px\" \/>\t\t\t\t\t\t\t\t\t\t\t\t\t\t\t<\/div>\n\t\t\t\t<\/div>\n\t\t\t\t\t<\/div>\n\t\t<\/div>\n\t\t\t\t<div class=\"elementor-column elementor-col-50 elementor-top-column elementor-element elementor-element-ed5ec51\" data-id=\"ed5ec51\" data-element_type=\"column\">\n\t\t\t<div class=\"elementor-widget-wrap elementor-element-populated\">\n\t\t\t\t\t\t\t\t<div class=\"elementor-element elementor-element-1041fb6 elementor-hidden-mobile elementor-widget elementor-widget-image\" data-id=\"1041fb6\" data-element_type=\"widget\" data-widget_type=\"image.default\">\n\t\t\t\t<div class=\"elementor-widget-container\">\n\t\t\t\t\t\t\t\t\t\t\t\t\t\t\t<img decoding=\"async\" width=\"800\" height=\"650\" src=\"https:\/\/www.logis125.at\/wp-content\/uploads\/2022\/04\/ZimmerPreise01.png\" class=\"attachment-large size-large wp-image-617\" alt=\"\" srcset=\"https:\/\/www.logis125.at\/wp-content\/uploads\/2022\/04\/ZimmerPreise01.png 870w, https:\/\/www.logis125.at\/wp-content\/uploads\/2022\/04\/ZimmerPreise01-300x244.png 300w, https:\/\/www.logis125.at\/wp-content\/uploads\/2022\/04\/ZimmerPreise01-768x624.png 768w, https:\/\/www.logis125.at\/wp-content\/uploads\/2022\/04\/ZimmerPreise01-15x12.png 15w\" sizes=\"(max-width: 800px) 100vw, 800px\" \/>\t\t\t\t\t\t\t\t\t\t\t\t\t\t\t<\/div>\n\t\t\t\t<\/div>\n\t\t\t\t<div class=\"elementor-element elementor-element-c06de68 elementor-hidden-desktop elementor-hidden-tablet elementor-arrows-position-inside elementor-widget elementor-widget-image-carousel\" data-id=\"c06de68\" data-element_type=\"widget\" data-settings=\"{&quot;slides_to_show_mobile&quot;:&quot;1&quot;,&quot;navigation&quot;:&quot;arrows&quot;,&quot;autoplay&quot;:&quot;yes&quot;,&quot;pause_on_hover&quot;:&quot;yes&quot;,&quot;pause_on_interaction&quot;:&quot;yes&quot;,&quot;autoplay_speed&quot;:5000,&quot;infinite&quot;:&quot;yes&quot;,&quot;speed&quot;:500}\" data-widget_type=\"image-carousel.default\">\n\t\t\t\t<div class=\"elementor-widget-container\">\n\t\t\t\t\t<div class=\"elementor-image-carousel-wrapper swiper-container\" dir=\"ltr\">\n\t\t\t<div class=\"elementor-image-carousel swiper-wrapper\" aria-live=\"off\">\n\t\t\t\t\t\t\t\t<div class=\"swiper-slide\" role=\"group\" aria-roledescription=\"slide\" aria-label=\"1 of 2\"><figure class=\"swiper-slide-inner\"><img decoding=\"async\" class=\"swiper-slide-image\" src=\"https:\/\/www.logis125.at\/wp-content\/uploads\/2022\/04\/ZimmerPreise-1-1-e1651048762421.png\" alt=\"ZimmerPreise-1\" \/><\/figure><\/div><div class=\"swiper-slide\" role=\"group\" aria-roledescription=\"slide\" aria-label=\"2 of 2\"><figure class=\"swiper-slide-inner\"><img decoding=\"async\" class=\"swiper-slide-image\" src=\"https:\/\/www.logis125.at\/wp-content\/uploads\/2022\/04\/ZimmerPreise01.png\" alt=\"ZimmerPreise01\" \/><\/figure><\/div>\t\t\t<\/div>\n\t\t\t\t\t\t\t\t\t\t\t\t<div class=\"elementor-swiper-button elementor-swiper-button-prev\" role=\"button\" tabindex=\"0\">\n\t\t\t\t\t\t<i aria-hidden=\"true\" class=\"eicon-chevron-left\"><\/i>\t\t\t\t\t<\/div>\n\t\t\t\t\t<div class=\"elementor-swiper-button elementor-swiper-button-next\" role=\"button\" tabindex=\"0\">\n\t\t\t\t\t\t<i aria-hidden=\"true\" class=\"eicon-chevron-right\"><\/i>\t\t\t\t\t<\/div>\n\t\t\t\t\n\t\t\t\t\t\t\t\t\t<\/div>\n\t\t\t\t<\/div>\n\t\t\t\t<\/div>\n\t\t\t\t\t<\/div>\n\t\t<\/div>\n\t\t\t\t\t\t\t<\/div>\n\t\t<\/section>\n\t\t\t\t<section class=\"elementor-section elementor-top-section elementor-element elementor-element-d05933e elementor-section-boxed elementor-section-height-default elementor-section-height-default\" data-id=\"d05933e\" data-element_type=\"section\">\n\t\t\t\t\t\t<div class=\"elementor-container elementor-column-gap-default\">\n\t\t\t\t\t<div class=\"elementor-column elementor-col-100 elementor-top-column elementor-element elementor-element-51b546d\" data-id=\"51b546d\" data-element_type=\"column\">\n\t\t\t<div class=\"elementor-widget-wrap elementor-element-populated\">\n\t\t\t\t\t\t\t\t<div class=\"elementor-element elementor-element-d4281c0 elementor-widget elementor-widget-heading\" data-id=\"d4281c0\" data-element_type=\"widget\" data-widget_type=\"heading.default\">\n\t\t\t\t<div class=\"elementor-widget-container\">\n\t\t\t<style>\/*! elementor - v3.15.0 - 09-08-2023 *\/\n.elementor-heading-title{padding:0;margin:0;line-height:1}.elementor-widget-heading .elementor-heading-title[class*=elementor-size-]>a{color:inherit;font-size:inherit;line-height:inherit}.elementor-widget-heading .elementor-heading-title.elementor-size-small{font-size:15px}.elementor-widget-heading .elementor-heading-title.elementor-size-medium{font-size:19px}.elementor-widget-heading .elementor-heading-title.elementor-size-large{font-size:29px}.elementor-widget-heading .elementor-heading-title.elementor-size-xl{font-size:39px}.elementor-widget-heading .elementor-heading-title.elementor-size-xxl{font-size:59px}<\/style><h2 class=\"elementor-heading-title elementor-size-default\">Rooms \/ Prices<\/h2>\t\t<\/div>\n\t\t\t\t<\/div>\n\t\t\t\t\t<\/div>\n\t\t<\/div>\n\t\t\t\t\t\t\t<\/div>\n\t\t<\/section>\n\t\t\t\t<section class=\"elementor-section elementor-top-section elementor-element elementor-element-1fbf94f elementor-section-boxed elementor-section-height-default elementor-section-height-default\" data-id=\"1fbf94f\" data-element_type=\"section\">\n\t\t\t\t\t\t<div class=\"elementor-container elementor-column-gap-default\">\n\t\t\t\t\t<div class=\"elementor-column elementor-col-33 elementor-top-column elementor-element elementor-element-b551ff8 elementor-hidden-mobile\" data-id=\"b551ff8\" data-element_type=\"column\">\n\t\t\t<div class=\"elementor-widget-wrap\">\n\t\t\t\t\t\t\t\t\t<\/div>\n\t\t<\/div>\n\t\t\t\t<div class=\"elementor-column elementor-col-33 elementor-top-column elementor-element elementor-element-14ffeeb\" data-id=\"14ffeeb\" data-element_type=\"column\">\n\t\t\t<div class=\"elementor-widget-wrap elementor-element-populated\">\n\t\t\t\t\t\t\t\t<div class=\"elementor-element elementor-element-063f7af elementor-widget elementor-widget-html\" data-id=\"063f7af\" data-element_type=\"widget\" data-widget_type=\"html.default\">\n\t\t\t\t<div class=\"elementor-widget-container\">\n\t\t\t<table>\n    <tr>\n        <td class=\"content-table-th\">\n            Double room from 4 nights:\n        <\/td>\n         <td class=\"content-table-td\">\n            \u20ac 85 per Pers. \/ NIGHT\n        <\/td>\n    <\/tr>\n    <tr>\n        <td class=\"content-table-th\">\n            Double room for 2-3 nights:\n        <\/td>\n         <td class=\"content-table-td\">\n            \u20ac 91 per Pers. \/ night\n        <\/td>\n    <\/tr>\n    <tr>\n        <td class=\"content-table-th\">\n            Double room for 1 night:\n        <\/td>\n         <td class=\"content-table-td\">\n            \u20ac 97 per Pers. \/ night\n        <\/td>\n    <\/tr>\n    <tr><td class=\"content-table-th\">\n            \n        <\/td>\n         <td class=\"content-table-td\">\n           \n        <\/td><\/tr>\n    <tr>\n        <td class=\"content-table-th\">\n           Suite from 4 nights\n        <\/td>\n         <td class=\"content-table-td\">\n           \u20ac 106 per pers. \/ night\n        <\/td>\n    <\/tr>\n    <tr>\n        <td class=\"content-table-th\">\n          Suite for 2 to 3 nights\n        <\/td>\n         <td class=\"content-table-td\">\n        \u20ac 113 per pers. \/ night\n        <\/td>\n    <\/tr>\n    <tr>\n        <td class=\"content-table-th\">\n           Suite for 1 Night\n        <\/td>\n         <td class=\"content-table-td\">\n           \u20ac 120 per Pers. \/ night\n        <\/td>\n    <\/tr>\n      <tr><td class=\"content-table-th\">\n            \n        <\/td>\n         <td class=\"content-table-td\">\n           \n        <\/td><\/tr>\n         <tr>\n        <td class=\"content-table-th\">\n           Single room surcharge:\n        <\/td>\n         <td class=\"content-table-td\">\n           \u20ac 33 per night\n        <\/td>\n    <\/tr>\n    <tr><td class=\"content-table-th\">\n            \n        <\/td>\n         <td class=\"content-table-td\">\n           \n        <\/td><\/tr>\n         <tr>\n        <td class=\"content-table-th\">\n          Type 2 EV charging station\n        <\/td>\n         <td class=\"content-table-td\">\n           According to actual consumption\n        <\/td>\n    <\/tr>\n      \n<\/table>\t\t<\/div>\n\t\t\t\t<\/div>\n\t\t\t\t<div class=\"elementor-element elementor-element-24eef60 elementor-widget elementor-widget-text-editor\" data-id=\"24eef60\" data-element_type=\"widget\" data-widget_type=\"text-editor.default\">\n\t\t\t\t<div class=\"elementor-widget-container\">\n\t\t\t\t\t\t\t\t\t\t\t\t\t<\/div>\n\t\t\t\t<\/div>\n\t\t\t\t\t<\/div>\n\t\t<\/div>\n\t\t\t\t<div class=\"elementor-column elementor-col-33 elementor-top-column elementor-element elementor-element-ddeb2f1\" data-id=\"ddeb2f1\" data-element_type=\"column\">\n\t\t\t<div class=\"elementor-widget-wrap\">\n\t\t\t\t\t\t\t\t\t<\/div>\n\t\t<\/div>\n\t\t\t\t\t\t\t<\/div>\n\t\t<\/section>\n\t\t\t\t<section class=\"elementor-section elementor-top-section elementor-element elementor-element-5b9dabc elementor-section-boxed elementor-section-height-default elementor-section-height-default\" data-id=\"5b9dabc\" data-element_type=\"section\">\n\t\t\t\t\t\t<div class=\"elementor-container elementor-column-gap-default\">\n\t\t\t\t\t<div class=\"elementor-column elementor-col-33 elementor-top-column elementor-element elementor-element-1eb250f\" data-id=\"1eb250f\" data-element_type=\"column\">\n\t\t\t<div class=\"elementor-widget-wrap\">\n\t\t\t\t\t\t\t\t\t<\/div>\n\t\t<\/div>\n\t\t\t\t<div class=\"elementor-column elementor-col-33 elementor-top-column elementor-element elementor-element-064fee9\" data-id=\"064fee9\" data-element_type=\"column\">\n\t\t\t<div class=\"elementor-widget-wrap elementor-element-populated\">\n\t\t\t\t\t\t\t\t<div class=\"elementor-element elementor-element-14fe1a2 elementor-widget elementor-widget-text-editor\" data-id=\"14fe1a2\" data-element_type=\"widget\" data-widget_type=\"text-editor.default\">\n\t\t\t\t<div class=\"elementor-widget-container\">\n\t\t\t\t\t\t\t<p>The overnight tax (local tax) including the infrastructure contribution is charged in addition to the room rate listed above. <br \/>The fee is \u20ac3.50 per person per night.<\/p><p>Adults only<\/p>\t\t\t\t\t\t<\/div>\n\t\t\t\t<\/div>\n\t\t\t\t<div class=\"elementor-element elementor-element-6909bbe elementor-align-center elementor-widget elementor-widget-button\" data-id=\"6909bbe\" data-element_type=\"widget\" data-widget_type=\"button.default\">\n\t\t\t\t<div class=\"elementor-widget-container\">\n\t\t\t\t\t<div class=\"elementor-button-wrapper\">\n\t\t\t<a class=\"elementor-button elementor-button-link elementor-size-sm\" href=\"https:\/\/www.sued-steiermark.com\/betriebe\/companydetail\/beleg\/436\" target=\"_blank\">\n\t\t\t\t\t\t<span class=\"elementor-button-content-wrapper\">\n\t\t\t\t\t\t<span class=\"elementor-button-text\">Book now<\/span>\n\t\t<\/span>\n\t\t\t\t\t<\/a>\n\t\t<\/div>\n\t\t\t\t<\/div>\n\t\t\t\t<\/div>\n\t\t\t\t\t<\/div>\n\t\t<\/div>\n\t\t\t\t<div class=\"elementor-column elementor-col-33 elementor-top-column elementor-element elementor-element-7d6e20f\" data-id=\"7d6e20f\" data-element_type=\"column\">\n\t\t\t<div class=\"elementor-widget-wrap\">\n\t\t\t\t\t\t\t\t\t<\/div>\n\t\t<\/div>\n\t\t\t\t\t\t\t<\/div>\n\t\t<\/section>\n\t\t\t\t<section class=\"elementor-section elementor-top-section elementor-element elementor-element-94d3eea elementor-section-boxed elementor-section-height-default elementor-section-height-default\" data-id=\"94d3eea\" data-element_type=\"section\">\n\t\t\t\t\t\t<div class=\"elementor-container elementor-column-gap-default\">\n\t\t\t\t\t<div class=\"elementor-column elementor-col-50 elementor-top-column elementor-element elementor-element-649ca26\" data-id=\"649ca26\" data-element_type=\"column\">\n\t\t\t<div class=\"elementor-widget-wrap\">\n\t\t\t\t\t\t\t\t\t<\/div>\n\t\t<\/div>\n\t\t\t\t<div class=\"elementor-column elementor-col-50 elementor-top-column elementor-element elementor-element-779c330\" data-id=\"779c330\" data-element_type=\"column\">\n\t\t\t<div class=\"elementor-widget-wrap elementor-element-populated\">\n\t\t\t\t\t\t\t\t<div class=\"elementor-element elementor-element-247550d elementor-widget elementor-widget-text-editor\" data-id=\"247550d\" data-element_type=\"widget\" data-widget_type=\"text-editor.default\">\n\t\t\t\t<div class=\"elementor-widget-container\">\n\t\t\t\t\t\t\t<p>Pets are not allowed. Check-in from 2 pm, check-out until 11 am.<br \/>We recommend taking out travel cancellation insurance through Europ\u00e4ische Reiseversicherung. Austrian hotel contract terms and conditions apply. Prices are valid from 1 January 2026 to 31 December 2026.<\/p>\t\t\t\t\t\t<\/div>\n\t\t\t\t<\/div>\n\t\t\t\t\t<\/div>\n\t\t<\/div>\n\t\t\t\t\t\t\t<\/div>\n\t\t<\/section>\n\t\t\t\t\t\t\t<\/div>","protected":false},"excerpt":{"rendered":"<p>Zimmer \/ Preise Ankommen. Wohlf\u00fchlen. Bleiben. Wir bieten drei gro\u00dfz\u00fcgige Doppelzimmer (30\u202fm\u00b2) und eine Suite (50\u202fm\u00b2) an.Alle Zimmer sind Maisonetten mit einer platzsparenden, etwas steileren Innentreppe. Inkludierte Leistungen: ein Willkommensgetr\u00e4nk, \u00dcbernachtung im Zimmer mit eigenem Bad (Dusche und WC), WLAN, Fr\u00fchst\u00fcck, Sauna, Privatparkplatz sowie Abstellm\u00f6glichkeiten f\u00fcr Fahrr\u00e4der und einspurige Fahrzeuge. Alle Zimmer sind Nichtraucherzimmer. Zimmer [&hellip;]<\/p>","protected":false},"author":1,"featured_media":0,"parent":0,"menu_order":0,"comment_status":"closed","ping_status":"closed","template":"","meta":{"inline_featured_image":false,"footnotes":""},"class_list":["post-42","page","type-page","status-publish","hentry"],"_links":{"self":[{"href":"https:\/\/www.logis125.at\/en\/wp-json\/wp\/v2\/pages\/42","targetHints":{"allow":["GET"]}}],"collection":[{"href":"https:\/\/www.logis125.at\/en\/wp-json\/wp\/v2\/pages"}],"about":[{"href":"https:\/\/www.logis125.at\/en\/wp-json\/wp\/v2\/types\/page"}],"author":[{"embeddable":true,"href":"https:\/\/www.logis125.at\/en\/wp-json\/wp\/v2\/users\/1"}],"replies":[{"embeddable":true,"href":"https:\/\/www.logis125.at\/en\/wp-json\/wp\/v2\/comments?post=42"}],"version-history":[{"count":184,"href":"https:\/\/www.logis125.at\/en\/wp-json\/wp\/v2\/pages\/42\/revisions"}],"predecessor-version":[{"id":1162,"href":"https:\/\/www.logis125.at\/en\/wp-json\/wp\/v2\/pages\/42\/revisions\/1162"}],"wp:attachment":[{"href":"https:\/\/www.logis125.at\/en\/wp-json\/wp\/v2\/media?parent=42"}],"curies":[{"name":"wp","href":"https:\/\/api.w.org\/{rel}","templated":true}]}}